{"id":2348,"date":"2021-03-01T18:51:10","date_gmt":"2021-03-01T23:51:10","guid":{"rendered":"https:\/\/www.abijustice.org\/legal-professionals\/?page_id=2348"},"modified":"2021-03-01T19:12:08","modified_gmt":"2021-03-02T00:12:08","slug":"outils-imprimable-en-francais","status":"publish","type":"page","link":"https:\/\/www.abijustice.org\/legal-professionals\/outils-imprimable-en-francais\/","title":{"rendered":"Outils imprimable en fran\u00e7ais"},"content":{"rendered":"<div class=\"wpb-content-wrapper\"><p>[vc_row][vc_column][vc_empty_space][\/vc_column][\/vc_row][vc_row][vc_column][vc_text_separator title=&#8221;Outils imprimables&#8221; color=&#8221;green&#8221;][\/vc_column][\/vc_row][vc_row][vc_column][vc_column_text]<\/p>\n<p style=\"text-align: center;\">Vous trouverez ci-dessous des outils de s\u00e9lection, des fichiers .pdfs imprimables, des listes utiles pour vos clients ainsi que des liens rapides vers des associations et plus encore. Ces ressources sont destin\u00e9es \u00e0 des fins \u00e9ducatives uniquement. Les informations qu&#8217;il contient ne doivent pas \u00eatre utilis\u00e9es pour diagnostiquer ou traiter des l\u00e9sions c\u00e9r\u00e9brales chez vos clients.<\/p>\n<p>[\/vc_column_text][\/vc_column][\/vc_row][vc_row][vc_column][vc_empty_space][\/vc_column][\/vc_row][vc_row][vc_column][vc_column_text]<br \/>\n<style>#sp-ea-2339 .spcollapsing { height: 0; overflow: hidden; transition-property: height;transition-duration: 500ms;}#sp-ea-2339.sp-easy-accordion>.sp-ea-single {margin-bottom: 10px; border: 1px solid #e2e2e2; }#sp-ea-2339.sp-easy-accordion>.sp-ea-single>.ea-header a {color: #444;}#sp-ea-2339.sp-easy-accordion>.sp-ea-single>.sp-collapse>.ea-body {background: #fff; color: #444;}#sp-ea-2339.sp-easy-accordion>.sp-ea-single {background: #eee;}#sp-ea-2339.sp-easy-accordion>.sp-ea-single>.ea-header a .ea-expand-icon { float: left; color: #444;font-size: 16px;}<\/style><div id=\"sp_easy_accordion-1777443870\"><div id=\"sp-ea-2339\" class=\"sp-ea-one sp-easy-accordion\" data-ex-icon=\"minus\" data-col-icon=\"plus\"  data-ea-active=\"ea-click\"  data-ea-mode=\"vertical\" data-preloader=\"\" data-scroll-active-item=\"\" data-offset-to-scroll=\"0\"><div class=\"ea-card  sp-ea-single\"><h3 class=\"ea-header\"><a class=\"collapsed\" id=\"ea-header-23390\" data-sptoggle=\"spcollapse\" data-sptarget=\"#collapse23390\" aria-controls=\"collapse23390\" href=\"javascript:void(0)\"  aria-expanded=\"false\" tabindex=\"0\"><i class=\"ea-expand-icon ea-icon-expand-plus\"><\/i> Carte de rendez vous<\/a><\/h3><div class=\"sp-collapse spcollapse spcollapse\" id=\"collapse23390\" data-parent=\"#sp-ea-2339\" role=\"region\" aria-labelledby=\"ea-header-23390\"><div class=\"ea-body\"><p><a href=\"https:\/\/www.abijustice.org\/legal-professionals\/wp-content\/uploads\/2021\/03\/APPOINTMENT-Translated.pdf\" target=\"_blank\" rel=\"noopener\"><img loading=\"lazy\" decoding=\"async\" class=\"alignleft wp-image-2340 size-full\" src=\"https:\/\/www.abijustice.org\/legal-professionals\/wp-content\/uploads\/2021\/03\/APPOINTMENT-Translated.png\" alt=\"carte de rendez vous\" width=\"2023\" height=\"1274\" srcset=\"https:\/\/www.abijustice.org\/legal-professionals\/wp-content\/uploads\/2021\/03\/APPOINTMENT-Translated.png 2023w, https:\/\/www.abijustice.org\/legal-professionals\/wp-content\/uploads\/2021\/03\/APPOINTMENT-Translated-300x189.png 300w, https:\/\/www.abijustice.org\/legal-professionals\/wp-content\/uploads\/2021\/03\/APPOINTMENT-Translated-1024x645.png 1024w, https:\/\/www.abijustice.org\/legal-professionals\/wp-content\/uploads\/2021\/03\/APPOINTMENT-Translated-768x484.png 768w, https:\/\/www.abijustice.org\/legal-professionals\/wp-content\/uploads\/2021\/03\/APPOINTMENT-Translated-1536x967.png 1536w\" sizes=\"auto, (max-width: 2023px) 100vw, 2023px\" \/><\/a><\/p>\n<\/div><\/div><\/div><div class=\"ea-card  sp-ea-single\"><h3 class=\"ea-header\"><a class=\"collapsed\" id=\"ea-header-23391\" data-sptoggle=\"spcollapse\" data-sptarget=\"#collapse23391\" aria-controls=\"collapse23391\" href=\"javascript:void(0)\"  aria-expanded=\"false\" tabindex=\"0\"><i class=\"ea-expand-icon ea-icon-expand-plus\"><\/i>  Des listes de t\u00e2ches pour se pr\u00e9parer \u00e0 tribunal  <\/a><\/h3><div class=\"sp-collapse spcollapse spcollapse\" id=\"collapse23391\" data-parent=\"#sp-ea-2339\" role=\"region\" aria-labelledby=\"ea-header-23391\"><div class=\"ea-body\"><p><a href=\"https:\/\/www.abijustice.org\/legal-professionals\/wp-content\/uploads\/2021\/03\/Court-Checklist-Strategies-Translated.pdf\" target=\"_blank\" rel=\"noopener\"><img loading=\"lazy\" decoding=\"async\" class=\"alignnone wp-image-2342 size-full\" src=\"https:\/\/www.abijustice.org\/legal-professionals\/wp-content\/uploads\/2021\/03\/Court-Checklist-Strategies-Translated.png\" alt=\"\" width=\"6600\" height=\"5099\" srcset=\"https:\/\/www.abijustice.org\/legal-professionals\/wp-content\/uploads\/2021\/03\/Court-Checklist-Strategies-Translated.png 6600w, https:\/\/www.abijustice.org\/legal-professionals\/wp-content\/uploads\/2021\/03\/Court-Checklist-Strategies-Translated-300x232.png 300w, https:\/\/www.abijustice.org\/legal-professionals\/wp-content\/uploads\/2021\/03\/Court-Checklist-Strategies-Translated-1024x791.png 1024w, https:\/\/www.abijustice.org\/legal-professionals\/wp-content\/uploads\/2021\/03\/Court-Checklist-Strategies-Translated-768x593.png 768w, https:\/\/www.abijustice.org\/legal-professionals\/wp-content\/uploads\/2021\/03\/Court-Checklist-Strategies-Translated-1536x1187.png 1536w, https:\/\/www.abijustice.org\/legal-professionals\/wp-content\/uploads\/2021\/03\/Court-Checklist-Strategies-Translated-2048x1582.png 2048w\" sizes=\"auto, (max-width: 6600px) 100vw, 6600px\" \/><\/a><\/p>\n<\/div><\/div><\/div><div class=\"ea-card  sp-ea-single\"><h3 class=\"ea-header\"><a class=\"collapsed\" id=\"ea-header-23392\" data-sptoggle=\"spcollapse\" data-sptarget=\"#collapse23392\" aria-controls=\"collapse23392\" href=\"javascript:void(0)\"  aria-expanded=\"false\" tabindex=\"0\"><i class=\"ea-expand-icon ea-icon-expand-plus\"><\/i> Questions \u00e0 poser \u00e0 votre avocat<\/a><\/h3><div class=\"sp-collapse spcollapse spcollapse\" id=\"collapse23392\" data-parent=\"#sp-ea-2339\" role=\"region\" aria-labelledby=\"ea-header-23392\"><div class=\"ea-body\"><p><a href=\"https:\/\/www.abijustice.org\/legal-professionals\/wp-content\/uploads\/2021\/03\/Questions-to-Ask-Your-Lawyer-2-Translated.pdf\" target=\"_blank\" rel=\"noopener\"><img loading=\"lazy\" decoding=\"async\" class=\"alignnone wp-image-2346 size-full\" src=\"https:\/\/www.abijustice.org\/legal-professionals\/wp-content\/uploads\/2021\/03\/Questions-to-Ask-Your-Lawyer-2-Translated.png\" alt=\"questions a poser a votre avocat\" width=\"6600\" height=\"5099\" srcset=\"https:\/\/www.abijustice.org\/legal-professionals\/wp-content\/uploads\/2021\/03\/Questions-to-Ask-Your-Lawyer-2-Translated.png 6600w, https:\/\/www.abijustice.org\/legal-professionals\/wp-content\/uploads\/2021\/03\/Questions-to-Ask-Your-Lawyer-2-Translated-300x232.png 300w, https:\/\/www.abijustice.org\/legal-professionals\/wp-content\/uploads\/2021\/03\/Questions-to-Ask-Your-Lawyer-2-Translated-1024x791.png 1024w, https:\/\/www.abijustice.org\/legal-professionals\/wp-content\/uploads\/2021\/03\/Questions-to-Ask-Your-Lawyer-2-Translated-768x593.png 768w, https:\/\/www.abijustice.org\/legal-professionals\/wp-content\/uploads\/2021\/03\/Questions-to-Ask-Your-Lawyer-2-Translated-1536x1187.png 1536w, https:\/\/www.abijustice.org\/legal-professionals\/wp-content\/uploads\/2021\/03\/Questions-to-Ask-Your-Lawyer-2-Translated-2048x1582.png 2048w\" sizes=\"auto, (max-width: 6600px) 100vw, 6600px\" \/><\/a><\/p>\n<\/div><\/div><\/div><div class=\"ea-card  sp-ea-single\"><h3 class=\"ea-header\"><a class=\"collapsed\" id=\"ea-header-23393\" data-sptoggle=\"spcollapse\" data-sptarget=\"#collapse23393\" aria-controls=\"collapse23393\" href=\"javascript:void(0)\"  aria-expanded=\"false\" tabindex=\"0\"><i class=\"ea-expand-icon ea-icon-expand-plus\"><\/i> Comment s'organiser pour compara\u00eetre au tribunal : une liste des t\u00e2ches <\/a><\/h3><div class=\"sp-collapse spcollapse spcollapse\" id=\"collapse23393\" data-parent=\"#sp-ea-2339\" role=\"region\" aria-labelledby=\"ea-header-23393\"><div class=\"ea-body\"><p><a href=\"https:\/\/www.abijustice.org\/legal-professionals\/wp-content\/uploads\/2021\/03\/Organize_for_Court_Checklist-Translated.pdf\" target=\"_blank\" rel=\"noopener\"><img loading=\"lazy\" decoding=\"async\" class=\"alignnone wp-image-2344 size-full\" src=\"https:\/\/www.abijustice.org\/legal-professionals\/wp-content\/uploads\/2021\/03\/Organize_for_Court_Checklist-Translated.png\" alt=\"liste de taches\" width=\"6600\" height=\"5099\" srcset=\"https:\/\/www.abijustice.org\/legal-professionals\/wp-content\/uploads\/2021\/03\/Organize_for_Court_Checklist-Translated.png 6600w, https:\/\/www.abijustice.org\/legal-professionals\/wp-content\/uploads\/2021\/03\/Organize_for_Court_Checklist-Translated-300x232.png 300w, https:\/\/www.abijustice.org\/legal-professionals\/wp-content\/uploads\/2021\/03\/Organize_for_Court_Checklist-Translated-1024x791.png 1024w, https:\/\/www.abijustice.org\/legal-professionals\/wp-content\/uploads\/2021\/03\/Organize_for_Court_Checklist-Translated-768x593.png 768w, https:\/\/www.abijustice.org\/legal-professionals\/wp-content\/uploads\/2021\/03\/Organize_for_Court_Checklist-Translated-1536x1187.png 1536w, https:\/\/www.abijustice.org\/legal-professionals\/wp-content\/uploads\/2021\/03\/Organize_for_Court_Checklist-Translated-2048x1582.png 2048w\" sizes=\"auto, (max-width: 6600px) 100vw, 6600px\" \/><\/a><\/p>\n<\/div><\/div><\/div><div class=\"ea-card  sp-ea-single\"><h3 class=\"ea-header\"><a class=\"collapsed\" id=\"ea-header-23394\" data-sptoggle=\"spcollapse\" data-sptarget=\"#collapse23394\" aria-controls=\"collapse23394\" href=\"javascript:void(0)\"  aria-expanded=\"false\" tabindex=\"0\"><i class=\"ea-expand-icon ea-icon-expand-plus\"><\/i> Dispositifs de soutien &amp; apaisants<\/a><\/h3><div class=\"sp-collapse spcollapse spcollapse\" id=\"collapse23394\" data-parent=\"#sp-ea-2339\" role=\"region\" aria-labelledby=\"ea-header-23394\"><div class=\"ea-body\"><p><a href=\"https:\/\/www.abijustice.org\/legal-professionals\/wp-content\/uploads\/2021\/03\/Court-Checklist-Strategies-Translated.pdf\" target=\"_blank\" rel=\"noopener\"><img loading=\"lazy\" decoding=\"async\" class=\"alignnone wp-image-2342 size-full\" src=\"https:\/\/www.abijustice.org\/legal-professionals\/wp-content\/uploads\/2021\/03\/Court-Checklist-Strategies-Translated.png\" alt=\"\" width=\"6600\" height=\"5099\" srcset=\"https:\/\/www.abijustice.org\/legal-professionals\/wp-content\/uploads\/2021\/03\/Court-Checklist-Strategies-Translated.png 6600w, https:\/\/www.abijustice.org\/legal-professionals\/wp-content\/uploads\/2021\/03\/Court-Checklist-Strategies-Translated-300x232.png 300w, https:\/\/www.abijustice.org\/legal-professionals\/wp-content\/uploads\/2021\/03\/Court-Checklist-Strategies-Translated-1024x791.png 1024w, https:\/\/www.abijustice.org\/legal-professionals\/wp-content\/uploads\/2021\/03\/Court-Checklist-Strategies-Translated-768x593.png 768w, https:\/\/www.abijustice.org\/legal-professionals\/wp-content\/uploads\/2021\/03\/Court-Checklist-Strategies-Translated-1536x1187.png 1536w, https:\/\/www.abijustice.org\/legal-professionals\/wp-content\/uploads\/2021\/03\/Court-Checklist-Strategies-Translated-2048x1582.png 2048w\" sizes=\"auto, (max-width: 6600px) 100vw, 6600px\" \/><\/a><\/p>\n<\/div><\/div><\/div><\/div><\/div>[\/vc_column_text][\/vc_column][\/vc_row]<\/p>\n<\/div>","protected":false},"excerpt":{"rendered":"<p>[vc_row][vc_column][vc_empty_space][\/vc_column][\/vc_row][vc_row][vc_column][vc_text_separator title=&#8221;Outils imprimables&#8221; color=&#8221;green&#8221;][\/vc_column][\/vc_row][vc_row][vc_column][vc_column_text] Vous trouverez ci-dessous des outils de s\u00e9lection, des fichiers .pdfs imprimables, des listes utiles pour vos clients ainsi que des liens rapides vers des associations et&hellip;<\/p>\n","protected":false},"author":1,"featured_media":0,"parent":0,"menu_order":0,"comment_status":"closed","ping_status":"closed","template":"","meta":{"_bbp_topic_count":0,"_bbp_reply_count":0,"_bbp_total_topic_count":0,"_bbp_total_reply_count":0,"_bbp_voice_count":0,"_bbp_anonymous_reply_count":0,"_bbp_topic_count_hidden":0,"_bbp_reply_count_hidden":0,"_bbp_forum_subforum_count":0,"_monsterinsights_skip_tracking":false,"_monsterinsights_sitenote_active":false,"_monsterinsights_sitenote_note":"","_monsterinsights_sitenote_category":0,"footnotes":""},"class_list":["post-2348","page","type-page","status-publish","hentry"],"yoast_head":"<!-- This site is optimized with the Yoast SEO Premium plugin v21.5 (Yoast SEO v26.9) - https:\/\/yoast.com\/product\/yoast-seo-premium-wordpress\/ -->\n<title>Outils imprimable en fran\u00e7ais - ABI Justice - Legal Experts<\/title>\n<meta name=\"robots\" content=\"index, follow, max-snippet:-1, max-image-preview:large, max-video-preview:-1\" \/>\n<link rel=\"canonical\" href=\"https:\/\/www.abijustice.org\/legal-professionals\/outils-imprimable-en-francais\/\" \/>\n<meta property=\"og:locale\" content=\"en_US\" \/>\n<meta property=\"og:type\" content=\"article\" \/>\n<meta property=\"og:title\" content=\"Outils imprimable en fran\u00e7ais\" \/>\n<meta property=\"og:description\" content=\"[vc_row][vc_column][vc_empty_space][\/vc_column][\/vc_row][vc_row][vc_column][vc_text_separator title=&#8221;Outils imprimables&#8221; color=&#8221;green&#8221;][\/vc_column][\/vc_row][vc_row][vc_column][vc_column_text] Vous trouverez ci-dessous des outils de s\u00e9lection, des fichiers .pdfs imprimables, des listes utiles pour vos clients ainsi que des liens rapides vers des associations et&hellip;\" \/>\n<meta property=\"og:url\" content=\"https:\/\/www.abijustice.org\/legal-professionals\/outils-imprimable-en-francais\/\" \/>\n<meta property=\"og:site_name\" content=\"ABI Justice - Legal Experts\" \/>\n<meta property=\"article:publisher\" content=\"https:\/\/www.facebook.com\/BrainInjurySocietyTO\" \/>\n<meta property=\"article:modified_time\" content=\"2021-03-02T00:12:08+00:00\" \/>\n<meta name=\"twitter:card\" content=\"summary_large_image\" \/>\n<meta name=\"twitter:site\" content=\"@BrainInjuryTO\" \/>\n<meta name=\"twitter:label1\" content=\"Est. reading time\" \/>\n\t<meta name=\"twitter:data1\" content=\"1 minute\" \/>\n<script type=\"application\/ld+json\" class=\"yoast-schema-graph\">{\"@context\":\"https:\/\/schema.org\",\"@graph\":[{\"@type\":\"WebPage\",\"@id\":\"https:\/\/www.abijustice.org\/legal-professionals\/outils-imprimable-en-francais\/\",\"url\":\"https:\/\/www.abijustice.org\/legal-professionals\/outils-imprimable-en-francais\/\",\"name\":\"Outils imprimable en fran\u00e7ais - ABI Justice - Legal Experts\",\"isPartOf\":{\"@id\":\"https:\/\/www.abijustice.org\/legal-professionals\/#website\"},\"datePublished\":\"2021-03-01T23:51:10+00:00\",\"dateModified\":\"2021-03-02T00:12:08+00:00\",\"breadcrumb\":{\"@id\":\"https:\/\/www.abijustice.org\/legal-professionals\/outils-imprimable-en-francais\/#breadcrumb\"},\"inLanguage\":\"en-CA\",\"potentialAction\":[{\"@type\":\"ReadAction\",\"target\":[\"https:\/\/www.abijustice.org\/legal-professionals\/outils-imprimable-en-francais\/\"]}]},{\"@type\":\"BreadcrumbList\",\"@id\":\"https:\/\/www.abijustice.org\/legal-professionals\/outils-imprimable-en-francais\/#breadcrumb\",\"itemListElement\":[{\"@type\":\"ListItem\",\"position\":1,\"name\":\"Home\",\"item\":\"https:\/\/www.abijustice.org\/legal-professionals\/\"},{\"@type\":\"ListItem\",\"position\":2,\"name\":\"Outils imprimable en fran\u00e7ais\"}]},{\"@type\":\"WebSite\",\"@id\":\"https:\/\/www.abijustice.org\/legal-professionals\/#website\",\"url\":\"https:\/\/www.abijustice.org\/legal-professionals\/\",\"name\":\"ABI Justice - Legal Experts\",\"description\":\"\",\"publisher\":{\"@id\":\"https:\/\/www.abijustice.org\/legal-professionals\/#organization\"},\"potentialAction\":[{\"@type\":\"SearchAction\",\"target\":{\"@type\":\"EntryPoint\",\"urlTemplate\":\"https:\/\/www.abijustice.org\/legal-professionals\/?s={search_term_string}\"},\"query-input\":{\"@type\":\"PropertyValueSpecification\",\"valueRequired\":true,\"valueName\":\"search_term_string\"}}],\"inLanguage\":\"en-CA\"},{\"@type\":\"Organization\",\"@id\":\"https:\/\/www.abijustice.org\/legal-professionals\/#organization\",\"name\":\"ABI Justice - Legal Experts\",\"url\":\"https:\/\/www.abijustice.org\/legal-professionals\/\",\"logo\":{\"@type\":\"ImageObject\",\"inLanguage\":\"en-CA\",\"@id\":\"https:\/\/www.abijustice.org\/legal-professionals\/#\/schema\/logo\/image\/\",\"url\":\"https:\/\/www.abijustice.org\/legal-professionals\/wp-content\/uploads\/2021\/03\/ABI_JusticeLogo_final_FINAL2.png\",\"contentUrl\":\"https:\/\/www.abijustice.org\/legal-professionals\/wp-content\/uploads\/2021\/03\/ABI_JusticeLogo_final_FINAL2.png\",\"width\":771,\"height\":771,\"caption\":\"ABI Justice - Legal Experts\"},\"image\":{\"@id\":\"https:\/\/www.abijustice.org\/legal-professionals\/#\/schema\/logo\/image\/\"},\"sameAs\":[\"https:\/\/www.facebook.com\/BrainInjurySocietyTO\",\"https:\/\/x.com\/BrainInjuryTO\"]}]}<\/script>\n<!-- \/ Yoast SEO Premium plugin. -->","yoast_head_json":{"title":"Outils imprimable en fran\u00e7ais - ABI Justice - Legal Experts","robots":{"index":"index","follow":"follow","max-snippet":"max-snippet:-1","max-image-preview":"max-image-preview:large","max-video-preview":"max-video-preview:-1"},"canonical":"https:\/\/www.abijustice.org\/legal-professionals\/outils-imprimable-en-francais\/","og_locale":"en_US","og_type":"article","og_title":"Outils imprimable en fran\u00e7ais","og_description":"[vc_row][vc_column][vc_empty_space][\/vc_column][\/vc_row][vc_row][vc_column][vc_text_separator title=&#8221;Outils imprimables&#8221; color=&#8221;green&#8221;][\/vc_column][\/vc_row][vc_row][vc_column][vc_column_text] Vous trouverez ci-dessous des outils de s\u00e9lection, des fichiers .pdfs imprimables, des listes utiles pour vos clients ainsi que des liens rapides vers des associations et&hellip;","og_url":"https:\/\/www.abijustice.org\/legal-professionals\/outils-imprimable-en-francais\/","og_site_name":"ABI Justice - Legal Experts","article_publisher":"https:\/\/www.facebook.com\/BrainInjurySocietyTO","article_modified_time":"2021-03-02T00:12:08+00:00","twitter_card":"summary_large_image","twitter_site":"@BrainInjuryTO","twitter_misc":{"Est. reading time":"1 minute"},"schema":{"@context":"https:\/\/schema.org","@graph":[{"@type":"WebPage","@id":"https:\/\/www.abijustice.org\/legal-professionals\/outils-imprimable-en-francais\/","url":"https:\/\/www.abijustice.org\/legal-professionals\/outils-imprimable-en-francais\/","name":"Outils imprimable en fran\u00e7ais - ABI Justice - Legal Experts","isPartOf":{"@id":"https:\/\/www.abijustice.org\/legal-professionals\/#website"},"datePublished":"2021-03-01T23:51:10+00:00","dateModified":"2021-03-02T00:12:08+00:00","breadcrumb":{"@id":"https:\/\/www.abijustice.org\/legal-professionals\/outils-imprimable-en-francais\/#breadcrumb"},"inLanguage":"en-CA","potentialAction":[{"@type":"ReadAction","target":["https:\/\/www.abijustice.org\/legal-professionals\/outils-imprimable-en-francais\/"]}]},{"@type":"BreadcrumbList","@id":"https:\/\/www.abijustice.org\/legal-professionals\/outils-imprimable-en-francais\/#breadcrumb","itemListElement":[{"@type":"ListItem","position":1,"name":"Home","item":"https:\/\/www.abijustice.org\/legal-professionals\/"},{"@type":"ListItem","position":2,"name":"Outils imprimable en fran\u00e7ais"}]},{"@type":"WebSite","@id":"https:\/\/www.abijustice.org\/legal-professionals\/#website","url":"https:\/\/www.abijustice.org\/legal-professionals\/","name":"ABI Justice - Legal Experts","description":"","publisher":{"@id":"https:\/\/www.abijustice.org\/legal-professionals\/#organization"},"potentialAction":[{"@type":"SearchAction","target":{"@type":"EntryPoint","urlTemplate":"https:\/\/www.abijustice.org\/legal-professionals\/?s={search_term_string}"},"query-input":{"@type":"PropertyValueSpecification","valueRequired":true,"valueName":"search_term_string"}}],"inLanguage":"en-CA"},{"@type":"Organization","@id":"https:\/\/www.abijustice.org\/legal-professionals\/#organization","name":"ABI Justice - Legal Experts","url":"https:\/\/www.abijustice.org\/legal-professionals\/","logo":{"@type":"ImageObject","inLanguage":"en-CA","@id":"https:\/\/www.abijustice.org\/legal-professionals\/#\/schema\/logo\/image\/","url":"https:\/\/www.abijustice.org\/legal-professionals\/wp-content\/uploads\/2021\/03\/ABI_JusticeLogo_final_FINAL2.png","contentUrl":"https:\/\/www.abijustice.org\/legal-professionals\/wp-content\/uploads\/2021\/03\/ABI_JusticeLogo_final_FINAL2.png","width":771,"height":771,"caption":"ABI Justice - Legal Experts"},"image":{"@id":"https:\/\/www.abijustice.org\/legal-professionals\/#\/schema\/logo\/image\/"},"sameAs":["https:\/\/www.facebook.com\/BrainInjurySocietyTO","https:\/\/x.com\/BrainInjuryTO"]}]}},"jetpack_sharing_enabled":true,"_links":{"self":[{"href":"https:\/\/www.abijustice.org\/legal-professionals\/wp-json\/wp\/v2\/pages\/2348","targetHints":{"allow":["GET"]}}],"collection":[{"href":"https:\/\/www.abijustice.org\/legal-professionals\/wp-json\/wp\/v2\/pages"}],"about":[{"href":"https:\/\/www.abijustice.org\/legal-professionals\/wp-json\/wp\/v2\/types\/page"}],"author":[{"embeddable":true,"href":"https:\/\/www.abijustice.org\/legal-professionals\/wp-json\/wp\/v2\/users\/1"}],"replies":[{"embeddable":true,"href":"https:\/\/www.abijustice.org\/legal-professionals\/wp-json\/wp\/v2\/comments?post=2348"}],"version-history":[{"count":7,"href":"https:\/\/www.abijustice.org\/legal-professionals\/wp-json\/wp\/v2\/pages\/2348\/revisions"}],"predecessor-version":[{"id":2357,"href":"https:\/\/www.abijustice.org\/legal-professionals\/wp-json\/wp\/v2\/pages\/2348\/revisions\/2357"}],"wp:attachment":[{"href":"https:\/\/www.abijustice.org\/legal-professionals\/wp-json\/wp\/v2\/media?parent=2348"}],"curies":[{"name":"wp","href":"https:\/\/api.w.org\/{rel}","templated":true}]}}